{"id":67,"date":"2009-02-16T13:27:59","date_gmt":"2009-02-16T12:27:59","guid":{"rendered":"https:\/\/www.alldb.fr\/blogs\/?page_id=67"},"modified":"2009-02-16T13:29:02","modified_gmt":"2009-02-16T12:29:02","slug":"a-propos","status":"publish","type":"page","link":"https:\/\/blog.capdata.fr\/index.php\/a-propos\/","title":{"rendered":"A propos"},"content":{"rendered":"<p><!--[endif]--><\/p>\n<p class=\"MsoNormal\" style=\"text-align: justify;\">Cap Data Consulting a \u00e9t\u00e9 cr\u00e9\u00e9e en 2000 par des responsables techniques de grands \u00e9diteurs de SGBD.<\/p>\n<p class=\"MsoNormal\" style=\"text-align: justify;\">Le march\u00e9 \u00e9tait alors structur\u00e9 quasi exclusivement autour de ceux-ci.<\/p>\n<p class=\"MsoNormal\" style=\"text-align: justify;\">\u00ab\u00a0Nous avons pris l\u2019initiative de proposer une alternative aux \u00e9diteurs. Nous mettons en avant la m\u00eame qualit\u00e9 technique, puisque nos experts sont issus des services conseils des \u00e9diteurs, mais avec une r\u00e9activit\u00e9 et un co\u00fbt qui n\u2019ont rien de comparables\u00a0\u00bb Franck MELCARE.<\/p>\n<p class=\"MsoNormal\" style=\"text-align: justify;\">L\u2019activit\u00e9 de Cap Data Consulting s\u2019articule autour de quatre p\u00f4les\u00a0:<\/p>\n<p class=\"MsoNormal\" style=\"text-align: justify;\">&#8211; Le conseil gr\u00e2ce auquel ils proposent des missions de courtes dur\u00e9es (audits de performance, pr\u00e9parations de migration, mises en place d\u2019architectures cluster, etc.\u2026).<\/p>\n<p class=\"MsoNormal\" style=\"text-align: justify;\">&#8211; Le service, dans l\u2019acception traditionnelle des soci\u00e9t\u00e9s de service. Des membres de l\u2019\u00e9quipe de CD Consulting sont positionn\u00e9es chez des clients pour des missions DBA de longues dur\u00e9es.<\/p>\n<p class=\"MsoNormal\" style=\"text-align: justify;\">&#8211; La formation, constitue un p\u00f4le dont l\u2019activit\u00e9 est extr\u00eamement dynamique puisque toutes les semaines des sessions sont organis\u00e9es dans les locaux de CD Consulting. Les packages proposent des formations DBA \u00ab\u00a0production\u00a0\u00bb Oracle\u2122, Sybase\u2122, SQL Server\u2122 et My SQL\u2122. On retrouve ces m\u00eames packages pour les DBA \u00ab\u00a0\u00e9tude\u00a0\u00bb. Des formations sp\u00e9cifiques sont aussi \u00e9labor\u00e9es \u00e0 la demande de certains clients.<\/p>\n<p class=\"MsoNormal\" style=\"text-align: justify;\">&#8211; Et pour finir, Cap Data Consulting a lanc\u00e9 en 2006 son offre d\u2019administration \u00e0 distance de BDD. Ils prennent enti\u00e8rement \u00e0 leur charge l\u2019administration quotidienne des SGBD du client. Gr\u00e2ce \u00e0 leur outil de monitoring, il assure un suivi 24\/7 de l\u2019activit\u00e9 de celles-ci et sont en mesure d\u2019apporter des r\u00e9ponses proactives aux alertes susceptibles d\u2019\u00eatre g\u00e9n\u00e9r\u00e9es (saturation de l\u2019espace disc, d\u00e9gradation des temps de r\u00e9ponse, etc\u2026).<\/p>\n<p class=\"MsoNormal\" style=\"text-align: justify;\">\n<p class=\"MsoNormal\" style=\"text-align: justify;\">Aujourd\u2019hui, l\u2019\u00e9quipe compos\u00e9e de 37 personnes dont 10 d\u00e9di\u00e9s \u00e0 la cellule \u00ab\u00a0experts\u00a0\u00bb, est \u00e0 la disposition des clients pour toutes demandes concernant l\u2019univers des SGBD.<\/p>\n<p class=\"MsoNormal\" style=\"text-align: justify;\">\n<p class=\"MsoNormal\" style=\"text-align: justify;\">Le blog est aliment\u00e9 principalement par les experts SGBD de la cellule conseil mais \u00e9galement par tous les collaborateurs de Cap Data.<\/p>\n","protected":false},"excerpt":{"rendered":"<p>Cap Data Consulting a \u00e9t\u00e9 cr\u00e9\u00e9e en 2000 par des responsables techniques de grands \u00e9diteurs de SGBD. Le march\u00e9 \u00e9tait alors structur\u00e9 quasi exclusivement autour de ceux-ci. \u00ab\u00a0Nous avons pris l\u2019initiative de proposer une alternative aux \u00e9diteurs. Nous mettons en&hellip; <a href=\"https:\/\/blog.capdata.fr\/index.php\/a-propos\/\" class=\"more-link\">Continuer la lecture <span class=\"meta-nav\">&rarr;<\/span><\/a><\/p>\n","protected":false},"author":1,"featured_media":0,"parent":0,"menu_order":0,"comment_status":"open","ping_status":"open","template":"","meta":{"footnotes":""},"class_list":["post-67","page","type-page","status-publish","hentry"],"yoast_head":"<!-- This site is optimized with the Yoast SEO plugin v20.8 - https:\/\/yoast.com\/wordpress\/plugins\/seo\/ -->\n<title>A propos - Capdata TECH BLOG<\/title>\n<meta name=\"robots\" content=\"index, follow, max-snippet:-1, max-image-preview:large, max-video-preview:-1\" \/>\n<link rel=\"canonical\" href=\"https:\/\/blog.capdata.fr\/index.php\/a-propos\/\" \/>\n<meta property=\"og:locale\" content=\"fr_FR\" \/>\n<meta property=\"og:type\" content=\"article\" \/>\n<meta property=\"og:title\" content=\"A propos - Capdata TECH BLOG\" \/>\n<meta property=\"og:description\" content=\"Cap Data Consulting a \u00e9t\u00e9 cr\u00e9\u00e9e en 2000 par des responsables techniques de grands \u00e9diteurs de SGBD. Le march\u00e9 \u00e9tait alors structur\u00e9 quasi exclusivement autour de ceux-ci. \u00ab\u00a0Nous avons pris l\u2019initiative de proposer une alternative aux \u00e9diteurs. Nous mettons en&hellip; Continuer la lecture &rarr;\" \/>\n<meta property=\"og:url\" content=\"https:\/\/blog.capdata.fr\/index.php\/a-propos\/\" \/>\n<meta property=\"og:site_name\" content=\"Capdata TECH BLOG\" \/>\n<meta property=\"article:modified_time\" content=\"2009-02-16T12:29:02+00:00\" \/>\n<meta name=\"twitter:card\" content=\"summary_large_image\" \/>\n<meta name=\"twitter:label1\" content=\"Dur\u00e9e de lecture estim\u00e9e\" \/>\n\t<meta name=\"twitter:data1\" content=\"2 minutes\" \/>\n<script type=\"application\/ld+json\" class=\"yoast-schema-graph\">{\"@context\":\"https:\/\/schema.org\",\"@graph\":[{\"@type\":\"WebPage\",\"@id\":\"https:\/\/blog.capdata.fr\/index.php\/a-propos\/\",\"url\":\"https:\/\/blog.capdata.fr\/index.php\/a-propos\/\",\"name\":\"A propos - Capdata TECH BLOG\",\"isPartOf\":{\"@id\":\"https:\/\/blog.capdata.fr\/#website\"},\"datePublished\":\"2009-02-16T12:27:59+00:00\",\"dateModified\":\"2009-02-16T12:29:02+00:00\",\"breadcrumb\":{\"@id\":\"https:\/\/blog.capdata.fr\/index.php\/a-propos\/#breadcrumb\"},\"inLanguage\":\"fr-FR\",\"potentialAction\":[{\"@type\":\"ReadAction\",\"target\":[\"https:\/\/blog.capdata.fr\/index.php\/a-propos\/\"]}]},{\"@type\":\"BreadcrumbList\",\"@id\":\"https:\/\/blog.capdata.fr\/index.php\/a-propos\/#breadcrumb\",\"itemListElement\":[{\"@type\":\"ListItem\",\"position\":1,\"name\":\"Accueil\",\"item\":\"https:\/\/blog.capdata.fr\/\"},{\"@type\":\"ListItem\",\"position\":2,\"name\":\"A propos\"}]},{\"@type\":\"WebSite\",\"@id\":\"https:\/\/blog.capdata.fr\/#website\",\"url\":\"https:\/\/blog.capdata.fr\/\",\"name\":\"Capdata TECH BLOG\",\"description\":\"Le blog technique sur les bases de donn\u00e9es de CAP DATA Consulting\",\"publisher\":{\"@id\":\"https:\/\/blog.capdata.fr\/#organization\"},\"potentialAction\":[{\"@type\":\"SearchAction\",\"target\":{\"@type\":\"EntryPoint\",\"urlTemplate\":\"https:\/\/blog.capdata.fr\/?s={search_term_string}\"},\"query-input\":\"required name=search_term_string\"}],\"inLanguage\":\"fr-FR\"},{\"@type\":\"Organization\",\"@id\":\"https:\/\/blog.capdata.fr\/#organization\",\"name\":\"Capdata TECH BLOG\",\"url\":\"https:\/\/blog.capdata.fr\/\",\"logo\":{\"@type\":\"ImageObject\",\"inLanguage\":\"fr-FR\",\"@id\":\"https:\/\/blog.capdata.fr\/#\/schema\/logo\/image\/\",\"url\":\"https:\/\/blog.capdata.fr\/wp-content\/uploads\/2023\/01\/logo_capdata.webp\",\"contentUrl\":\"https:\/\/blog.capdata.fr\/wp-content\/uploads\/2023\/01\/logo_capdata.webp\",\"width\":800,\"height\":254,\"caption\":\"Capdata TECH BLOG\"},\"image\":{\"@id\":\"https:\/\/blog.capdata.fr\/#\/schema\/logo\/image\/\"},\"sameAs\":[\"https:\/\/www.linkedin.com\/company\/cap-data-consulting\/mycompany\/\"]}]}<\/script>\n<!-- \/ Yoast SEO plugin. -->","yoast_head_json":{"title":"A propos - Capdata TECH BLOG","robots":{"index":"index","follow":"follow","max-snippet":"max-snippet:-1","max-image-preview":"max-image-preview:large","max-video-preview":"max-video-preview:-1"},"canonical":"https:\/\/blog.capdata.fr\/index.php\/a-propos\/","og_locale":"fr_FR","og_type":"article","og_title":"A propos - Capdata TECH BLOG","og_description":"Cap Data Consulting a \u00e9t\u00e9 cr\u00e9\u00e9e en 2000 par des responsables techniques de grands \u00e9diteurs de SGBD. Le march\u00e9 \u00e9tait alors structur\u00e9 quasi exclusivement autour de ceux-ci. \u00ab\u00a0Nous avons pris l\u2019initiative de proposer une alternative aux \u00e9diteurs. Nous mettons en&hellip; Continuer la lecture &rarr;","og_url":"https:\/\/blog.capdata.fr\/index.php\/a-propos\/","og_site_name":"Capdata TECH BLOG","article_modified_time":"2009-02-16T12:29:02+00:00","twitter_card":"summary_large_image","twitter_misc":{"Dur\u00e9e de lecture estim\u00e9e":"2 minutes"},"schema":{"@context":"https:\/\/schema.org","@graph":[{"@type":"WebPage","@id":"https:\/\/blog.capdata.fr\/index.php\/a-propos\/","url":"https:\/\/blog.capdata.fr\/index.php\/a-propos\/","name":"A propos - Capdata TECH BLOG","isPartOf":{"@id":"https:\/\/blog.capdata.fr\/#website"},"datePublished":"2009-02-16T12:27:59+00:00","dateModified":"2009-02-16T12:29:02+00:00","breadcrumb":{"@id":"https:\/\/blog.capdata.fr\/index.php\/a-propos\/#breadcrumb"},"inLanguage":"fr-FR","potentialAction":[{"@type":"ReadAction","target":["https:\/\/blog.capdata.fr\/index.php\/a-propos\/"]}]},{"@type":"BreadcrumbList","@id":"https:\/\/blog.capdata.fr\/index.php\/a-propos\/#breadcrumb","itemListElement":[{"@type":"ListItem","position":1,"name":"Accueil","item":"https:\/\/blog.capdata.fr\/"},{"@type":"ListItem","position":2,"name":"A propos"}]},{"@type":"WebSite","@id":"https:\/\/blog.capdata.fr\/#website","url":"https:\/\/blog.capdata.fr\/","name":"Capdata TECH BLOG","description":"Le blog technique sur les bases de donn\u00e9es de CAP DATA Consulting","publisher":{"@id":"https:\/\/blog.capdata.fr\/#organization"},"potentialAction":[{"@type":"SearchAction","target":{"@type":"EntryPoint","urlTemplate":"https:\/\/blog.capdata.fr\/?s={search_term_string}"},"query-input":"required name=search_term_string"}],"inLanguage":"fr-FR"},{"@type":"Organization","@id":"https:\/\/blog.capdata.fr\/#organization","name":"Capdata TECH BLOG","url":"https:\/\/blog.capdata.fr\/","logo":{"@type":"ImageObject","inLanguage":"fr-FR","@id":"https:\/\/blog.capdata.fr\/#\/schema\/logo\/image\/","url":"https:\/\/blog.capdata.fr\/wp-content\/uploads\/2023\/01\/logo_capdata.webp","contentUrl":"https:\/\/blog.capdata.fr\/wp-content\/uploads\/2023\/01\/logo_capdata.webp","width":800,"height":254,"caption":"Capdata TECH BLOG"},"image":{"@id":"https:\/\/blog.capdata.fr\/#\/schema\/logo\/image\/"},"sameAs":["https:\/\/www.linkedin.com\/company\/cap-data-consulting\/mycompany\/"]}]}},"_links":{"self":[{"href":"https:\/\/blog.capdata.fr\/index.php\/wp-json\/wp\/v2\/pages\/67","targetHints":{"allow":["GET"]}}],"collection":[{"href":"https:\/\/blog.capdata.fr\/index.php\/wp-json\/wp\/v2\/pages"}],"about":[{"href":"https:\/\/blog.capdata.fr\/index.php\/wp-json\/wp\/v2\/types\/page"}],"author":[{"embeddable":true,"href":"https:\/\/blog.capdata.fr\/index.php\/wp-json\/wp\/v2\/users\/1"}],"replies":[{"embeddable":true,"href":"https:\/\/blog.capdata.fr\/index.php\/wp-json\/wp\/v2\/comments?post=67"}],"version-history":[{"count":4,"href":"https:\/\/blog.capdata.fr\/index.php\/wp-json\/wp\/v2\/pages\/67\/revisions"}],"predecessor-version":[{"id":71,"href":"https:\/\/blog.capdata.fr\/index.php\/wp-json\/wp\/v2\/pages\/67\/revisions\/71"}],"wp:attachment":[{"href":"https:\/\/blog.capdata.fr\/index.php\/wp-json\/wp\/v2\/media?parent=67"}],"curies":[{"name":"wp","href":"https:\/\/api.w.org\/{rel}","templated":true}]}}